{"id":6127,"date":"2023-10-23T17:09:51","date_gmt":"2023-10-23T17:09:51","guid":{"rendered":"https:\/\/www.comolakepanorama.com\/?page_id=6127"},"modified":"2025-02-14T16:26:38","modified_gmt":"2025-02-14T16:26:38","slug":"privacy-policy","status":"publish","type":"page","link":"https:\/\/www.comolakepanorama.it\/it\/privacy-policy\/","title":{"rendered":"Politica di Privacy"},"content":{"rendered":"<p><strong><span style=\"font-family: Soehne;\"><b>I<\/b><\/span><\/strong><strong><span style=\"font-family: Soehne;\"><b>NFORMATIVA PRIVACY <\/b><\/span><\/strong><em><span style=\"font-family: Soehne;\"><b>EX <\/b><\/span><\/em><strong><span style=\"font-family: Soehne;\"><b>ARTICOLO 13 DEL REGOLAMENTO UE 2016\/679<\/b><\/span><\/strong><\/p>\n<p><span style=\"font-family: Soehne;\">Con la seguente informativa privacy Como<\/span><span style=\"font-family: Soehne;\"> Lake Panorama apartments di Sabrina Dell\u2019Oro<\/span><span style=\"font-family: Soehne;\"> con sede legale in <\/span><span style=\"font-family: Soehne;\">Erba (CO)<\/span><span style=\"font-family: Soehne;\">, Via <\/span><span style=\"font-family: Soehne;\">Giosu\u00e8 Carducci<\/span><span style=\"font-family: Soehne;\">, Codice fiscale e Partita IVA <\/span><span style=\"font-family: Soehne;\">IT<\/span><span style=\"font-family: Soehne;\"> (\u201c<\/span><em><span style=\"font-family: Soehne;\">Societ\u00e0<\/span><\/em><span style=\"font-family: Soehne;\">\u201d)<\/span><span style=\"font-family: Soehne;\">04044600130<\/span><span style=\"font-family: Soehne;\"> Ti informa che considera di fondamentale importanza che il trattamento dei dati personali, effettuato con qualsiasi modalit\u00e0, sia automatizzata che manuale, avvenga nel pieno rispetto delle tutele e dei diritti riconosciuti dal Regolamento (UE) 2016\/679 del Parlamento Europeo e del Consiglio relativo alla protezione delle persone fisiche con riguardo al trattamento dei dati personali, nonch\u00e9 alla libera circolazione di tali dati (nel seguito il \u201c<\/span><em><span style=\"font-family: Soehne;\">Regolamento<\/span><\/em><span style=\"font-family: Soehne;\">\u201d o \u201c<\/span><em><span style=\"font-family: Soehne;\">GDPR<\/span><\/em><span style=\"font-family: Soehne;\">\u201d) e dalle ulteriori norme applicabili in tema di protezione dei dati personali (congiuntamente di seguito \u201c<\/span><em><span style=\"font-family: Soehne;\">Normativa privacy vigente<\/span><\/em><span style=\"font-family: Soehne;\">\u201d).<\/span><\/p>\n<p><span style=\"font-family: Soehne;\">La Societ\u00e0, inoltre, informa che \u2013 ai sensi e per gli effetti di quanto disposto dall\u2019art. 13 del Regolamento \u2013 i Tuoi dati personali verranno trattati attraverso strumenti elettronici e manuali.<\/span><\/p>\n<p><span style=\"font-family: Soehne;\">Le informazioni che seguono sono volte a descrivere, in linea generale, le modalit\u00e0 di gestione del sito <\/span><em><span style=\"font-family: Soehne;\">www.<\/span><\/em><em><span style=\"font-family: Soehne;\">comolakepanorama.it<\/span><\/em> <span style=\"font-family: Soehne;\">(di seguito il \u201c<\/span><em><span style=\"font-family: Soehne;\">Portale<\/span><\/em><span style=\"font-family: Soehne;\">\u201d) e la presente informativa \u00e8 redatta sulla base del principio della trasparenza e di tutti gli elementi richiesti dal GDPR ed \u00e8 articolata in singole sezioni in modo da rendere la lettura pi\u00f9 rapida, agevole e di facile comprensione (nel seguito l\u2019\u201c<\/span><em><span style=\"font-family: Soehne;\">Informativa<\/span><\/em><span style=\"font-family: Soehne;\">\u201d).<\/span><\/p>\n<h4><strong><span style=\"font-family: Soehne;\"><b>CHI \u00c8 IL TITOLARE DEL TRATTAMENTO?<\/b><\/span><\/strong><\/h4>\n<p><span style=\"font-family: Soehne;\">Il Titolare del trattamento \u00e8 <\/span><span style=\"font-family: Soehne;\">Como Lake Panorama apartments di Sabrina Dell\u2019Oro<\/span><span style=\"font-family: Soehne;\"> in persona del legale rappresentante <\/span><em><span style=\"font-family: Soehne;\">pro tempore<\/span><\/em> <span style=\"font-family: Soehne;\">con sede legale in Via <\/span><span style=\"font-family: Soehne;\">Giosu\u00e8 Carducci<\/span><span style=\"font-family: Soehne;\">, Codice fiscale e Partita IVA <\/span><span style=\"font-family: Soehne;\">IT<\/span><span style=\"font-family: Soehne;\"> (\u201c<\/span><em><span style=\"font-family: Soehne;\">Societ\u00e0<\/span><\/em><span style=\"font-family: Soehne;\">\u201d)<\/span><span style=\"font-family: Soehne;\">04044600130<\/span><span style=\"font-family: Soehne;\">, <\/span><em><span style=\"font-family: Soehne;\">e-<\/span><\/em><span style=\"font-family: Soehne;\">mail: <\/span><span style=\"font-family: Soehne;\">comolakepanorama@gmail.com<\/span><span style=\"font-family: Soehne;\"> (di seguito il \u201c<\/span><em><span style=\"font-family: Soehne;\">Titolare<\/span><\/em><span style=\"font-family: Soehne;\">\u201d).<\/span><\/p>\n<h4><strong><span style=\"font-family: Soehne;\"><b>DATI TRATTATI, FINALIT\u00c0 E BASE GIURIDICA.<\/b><\/span><\/strong><\/h4>\n<p><span style=\"font-family: Soehne;\">Il Portale offre contenuti di tipo informativo commerciale e, talvolta, interattivo. Durante la navigazione del sito la Societ\u00e0 potr\u00e0 acquisire informazioni sul visitatore, nei seguenti modi:<\/span><\/p>\n<ul>\n<li><span style=\"color: #1b1b1b;\"><span style=\"font-family: Soehne;\"><span style=\"font-size: medium;\"><b>Dati di navigazione.<\/b><\/span><\/span><\/span><\/li>\n<\/ul>\n<p><span style=\"font-family: Soehne;\">I sistemi informatici e le procedure\u00a0<\/span><em><span style=\"font-family: Soehne;\">software\u00a0<\/span><\/em><span style=\"font-family: Soehne;\">preposte al funzionamento del Portale acquisiscono, nel corso del loro normale esercizio, alcuni dati personali la cui trasmissione \u00e8 implicita nell\u2019uso dei protocolli di comunicazione di Internet. Si tratta di informazioni che non sono raccolte per essere associate a interessati identificati, ma che per loro stessa natura potrebbero, attraverso elaborazioni ed associazioni con dati detenuti da terzi, permettere di identificare gli utenti. In questa categoria di dati rientrano gli indirizzi IP o i nomi a dominio dei computer utilizzati dagli utenti che si connettono al sito, gli indirizzi in notazione URI (<\/span><em><span style=\"font-family: Soehne;\">Uniform Resource Identifier<\/span><\/em><span style=\"font-family: Soehne;\">) delle risorse richieste, l\u2019orario della richiesta, il metodo utilizzato nel sottoporre la richiesta al <\/span><em><span style=\"font-family: Soehne;\">server<\/span><\/em><span style=\"font-family: Soehne;\">, la dimensione del <\/span><em><span style=\"font-family: Soehne;\">file <\/span><\/em><span style=\"font-family: Soehne;\">ottenuto in risposta, il codice numerico indicante lo stato della risposta data dal <\/span><em><span style=\"font-family: Soehne;\">server <\/span><\/em><span style=\"font-family: Soehne;\">(buon fine, errore, ecc.) ed altri parametri relativi al sistema operativo e all\u2019ambiente informatico dell\u2019utente. Questi dati vengono utilizzati al solo fine di ricavare informazioni statistiche anonime sull\u2019uso del sito e per controllarne il corretto funzionamento. I dati potrebbero essere utilizzati per l\u2019accertamento di responsabilit\u00e0 in caso di ipotetici reati informatici ai danni del sito.<\/span><\/p>\n<ul>\n<li><span style=\"color: #1b1b1b;\"><span style=\"font-family: Soehne;\"><span style=\"font-size: medium;\"><b>Dati forniti volontariamente dall\u2019utente.<\/b><\/span><\/span><\/span><\/li>\n<\/ul>\n<p><span style=\"font-family: Soehne;\">L\u2019invio facoltativo, esplicito e volontario di messaggi utilizzando il servizio \u201cContattaci\u201d presente sul sito e\/o inviando messaggi di posta elettronica all\u2019indirizzo della Societ\u00e0, comporta la successiva acquisizione dell\u2019indirizzo del mittente, necessario per rispondere alle richieste, nonch\u00e9 degli eventuali altri dati personali inseriti nella richiesta. La base giuridica di questo trattamento \u00e8 l\u2019art. 6.1.b del Regolamento, ossia l\u2019esecuzione di misure richieste dall\u2019utente.<\/span><\/p>\n<ul>\n<li><span style=\"color: #1b1b1b;\"><span style=\"font-family: Soehne;\"><span style=\"font-size: medium;\"><b>Registrazione al sito<\/b><\/span><\/span><\/span><\/li>\n<\/ul>\n<p><span style=\"font-family: Soehne;\">La registrazione di un <\/span><em><span style=\"font-family: Soehne;\">account <\/span><\/em><span style=\"font-family: Soehne;\">comporta l\u2019inserimento di alcuni dati personali che devono essere veri e accurati. I dati da inserire obbligatoriamente sono indicati chiaramente essendo contraddistinti da un asterisco, gli altri dati sono inseriti volontariamente ed il mancato inserimento non comporta alcuna conseguenza. L\u2019utente \u00e8 invitato a mantenere aggiornati questi dati accedendo all\u2019account personale. La base giuridica di questo trattamento \u00e8 l\u2019art. 6.1.b del Regolamento, ossia l\u2019esecuzione di misure richieste dall\u2019utente. L\u2019utente che sceglie di attivare l\u2019<\/span><em><span style=\"font-family: Soehne;\">account <\/span><\/em><span style=\"font-family: Soehne;\">tramite <\/span><em><span style=\"font-family: Soehne;\">social media <\/span><\/em><span style=\"font-family: Soehne;\">deve essere consapevole che il Portale pu\u00f2 raccogliere alcuni dati che l\u2019utente ha gi\u00e0 fornito a tale <\/span><em><span style=\"font-family: Soehne;\">sociale media <\/span><\/em><span style=\"font-family: Soehne;\">(ad es. indirizzo <\/span><em><span style=\"font-family: Soehne;\">e-mail <\/span><\/em><span style=\"font-family: Soehne;\">e profilo pubblico). Il titolare del trattamento non ha alcun controllo sul social media e non stabilisce i <\/span><em><span style=\"font-family: Soehne;\">privacy settings <\/span><\/em><span style=\"font-family: Soehne;\">del <\/span><em><span style=\"font-family: Soehne;\">social media<\/span><\/em><span style=\"font-family: Soehne;\">. L\u2019utente, quindi, deve fare riferimento alla <\/span><em><span style=\"font-family: Soehne;\">privacy policy <\/span><\/em><span style=\"font-family: Soehne;\">del <\/span><em><span style=\"font-family: Soehne;\">social media <\/span><\/em><span style=\"font-family: Soehne;\">che utilizza.<\/span><\/p>\n<ul>\n<li><span style=\"color: #1b1b1b;\"><span style=\"font-family: Soehne;\"><span style=\"font-size: medium;\"><b>Newsletter e comunicazioni commerciali<\/b><\/span><\/span><\/span><\/li>\n<\/ul>\n<p><span style=\"font-family: Soehne;\">L\u2019utente pu\u00f2 scegliere volontariamente di ricevere <\/span><em><span style=\"font-family: Soehne;\">newsletter <\/span><\/em><span style=\"font-family: Soehne;\">e comunicazioni commerciali. Il sito chiede un consenso esplicito e libero prima di intraprendere iniziative promozionali di questo tipo e pu\u00f2 chiedere all\u2019utente informazioni aggiuntive in modo da creare comunicazioni personalizzate e pi\u00f9 pertinenti. L\u2019utente pu\u00f2 sempre facilmente revocare il suo consenso che \u00e8 la base giuridica di questo trattamento (art. 6.1.a del Regolamento).<\/span><\/p>\n<ul>\n<li><span style=\"color: #1b1b1b;\"><span style=\"font-family: Soehne;\"><span style=\"font-size: medium;\"><b>Ordini commerciali<\/b><\/span><\/span><\/span><\/li>\n<\/ul>\n<p><span style=\"font-family: Soehne;\">In caso di ordine, il sito chiede all\u2019utente di fornire dati personali allo scopo essenziale di erogare il servizio o il bene acquistato, compresa anche la fase di post-vendita (es. tracciamento della consegna, servizi di assistenza, <\/span><em><span style=\"font-family: Soehne;\">customer satisfaction<\/span><\/em><span style=\"font-family: Soehne;\">) e le attivit\u00e0 di prevenzione di frodi ed utilizzi indebiti del Portale. La base giuridica del trattamento \u00e8 l\u2019adempimento delle obbligazioni contrattuali (art. 6.1.b del Regolamento). Per i pagamenti, il sito si avvale di fornitori terzi e non conserva informazioni bancarie appartenenti all\u2019utente. Il titolare del trattamento non ha alcun controllo sul fornitore di tale tipo di servizio e l\u2019utente deve quindi fare riferimento alla\u00a0<\/span><em><span style=\"font-family: Soehne;\">privacy policy <\/span><\/em><span style=\"font-family: Soehne;\">e ai termini di servizio di tale <\/span><em><span style=\"font-family: Soehne;\">provider<\/span><\/em><span style=\"font-family: Soehne;\">.<\/span><\/p>\n<ul>\n<li><span style=\"color: #1b1b1b;\"><span style=\"font-family: Soehne;\"><span style=\"font-size: medium;\"><b>Profilazione<\/b><\/span><\/span><\/span><\/li>\n<\/ul>\n<p><span style=\"font-family: Soehne;\">La finalit\u00e0 di profilazione \u00e8 quella di proporre prodotti, servizi e iniziative pi\u00f9 adeguate alle preferenze, alle abitudini e agli interessi degli utenti. I dati personali possono essere utilizzati per finalit\u00e0 di\u00a0<\/span><em><span style=\"font-family: Soehne;\">remarkeitng<\/span><\/em><span style=\"font-family: Soehne;\">,\u00a0<\/span><em><span style=\"font-family: Soehne;\">retargeting\u00a0<\/span><\/em><span style=\"font-family: Soehne;\">o\u00a0<\/span><em><span style=\"font-family: Soehne;\">profilazione\u00a0<\/span><\/em><span style=\"font-family: Soehne;\">anche tramite terze parti (ad es.\u00a0<\/span><em><span style=\"font-family: Soehne;\">social network<\/span><\/em><span style=\"font-family: Soehne;\">). Per quanto riguarda gli utenti del sito \u00e8 nell\u2019interesse legittimo del sito trattare dati personali per offrire servizi pi\u00f9 interessanti e personalizzati migliorando le prestazioni del sito stesso.<\/span><\/p>\n<ul>\n<li><span style=\"color: #1b1b1b;\"><span style=\"font-family: Soehne;\"><span style=\"font-size: medium;\"><b>Minori<\/b><\/span><\/span><\/span><\/li>\n<\/ul>\n<p><span style=\"font-family: Soehne;\">Il sito invita i genitori e tutti coloro che vigilano sui minori a istruirli su come trattare i dati personali su internet in modo sicuro e responsabile. I minori non devono trasmettere dati personali al sito senza il consenso dei loro genitori. Il sito si impegna a non raccogliere intenzionalmente i dati personali di minori, a non utilizzarli in alcun modo e a non comunicarli a terzi.<\/span><\/p>\n<ul>\n<li><span style=\"color: #1b1b1b;\"><span style=\"font-family: Soehne;\"><span style=\"font-size: medium;\"><b>Ulteriori categorie di dati<\/b><\/span><\/span><\/span><\/li>\n<\/ul>\n<p><span style=\"font-family: Soehne;\">Si tratta di tutti quei dati personali forniti dal visitatore attraverso il sito, ad esempio, registrandosi e\/o accedendo ad una area riservata e\/o ad un servizio e\/o partecipando a una delle iniziative lanciate dalla Societ\u00e0, da sola o in\u00a0<\/span><em><span style=\"font-family: Soehne;\">partnership <\/span><\/em><span style=\"font-family: Soehne;\">con soggetti terzi, scrivendo ad un indirizzo di posta elettronica del Titolare per richiedere informazioni oppure telefonando ad un nostro numero telefonico per avere un contatto diretto con la Societ\u00e0.<\/span><\/p>\n<ul>\n<li><span style=\"color: #1b1b1b;\"><span style=\"font-family: Soehne;\"><span style=\"font-size: medium;\"><b>Cookie<\/b><\/span><\/span><\/span><\/li>\n<\/ul>\n<p><span style=\"font-family: Soehne;\">In merito ai <\/span><em><span style=\"font-family: Soehne;\">cookie <\/span><\/em><span style=\"font-family: Soehne;\">utilizzati dalla Societ\u00e0 consulta la nostra <\/span><em><span style=\"font-family: Soehne;\">cookie policy<\/span><\/em><span style=\"font-family: Soehne;\">.<\/span><\/p>\n<h4><strong><span style=\"font-family: Soehne;\"><b>A QUALI SOGGETTI POTRANNO ESSERE COMUNICATI I TUOI DATI PERSONALI?<\/b><\/span><\/strong><span style=\"font-family: Soehne;\"><br \/>\n<\/span><\/h4>\n<p><span style=\"font-family: Soehne;\">I Tuoi dati personali saranno trattati esclusivamente da persone autorizzate al trattamento e da persone designate quali Responsabili del trattamento, ai sensi dell\u2019art. 28 del GDPR, al fine di svolgere le attivit\u00e0 di trattamento necessarie a perseguire le finalit\u00e0 dettagliate in questa Informativa.<\/span><\/p>\n<p><span style=\"font-family: Soehne;\">I Tuoi dati personali potranno essere comunicati ad Enti Pubblici o all\u2019Autorit\u00e0 giudiziaria, ove richiesto per legge o per prevenire o reprimere la commissione di un reato.<\/span><\/p>\n<p><span style=\"font-family: Soehne;\">L\u2019elenco dei Responsabili del trattamento pu\u00f2 essere richiesto al Titolare in qualsiasi momento scrivendo all\u2019<\/span><em><span style=\"font-family: Soehne;\">e-mail: <\/span><\/em><span style=\"font-family: Soehne;\"><a href=\"mailto:comolakepanorama@gmail.com\">comolakepanorama@gmail.com<\/a> <\/span><\/p>\n<h4><strong><span style=\"font-family: Soehne;\"><b>MODALIT\u00c0 DEL TRATTAMENTO DI DATI <\/b><\/span><\/strong><\/h4>\n<p><span style=\"font-family: Soehne;\">Il trattamento dei dati personali viene effettuato prevalentemente utilizzando procedure e supporti elettronici per il tempo strettamente necessario a conseguire gli scopi per i quali i dati sono stati raccolti e, comunque, in conformit\u00e0 ai principi di liceit\u00e0, correttezza, non eccedenza e pertinenza previsti dalla vigente normativa <\/span><em><span style=\"font-family: Soehne;\">privacy<\/span><\/em><span style=\"font-family: Soehne;\">. Specifiche misure di sicurezza sono osservate per prevenire la perdita dei dati, usi illeciti o non corretti ed accessi non autorizzate.<\/span><\/p>\n<h4><strong><span style=\"font-family: Soehne;\"><b>COLLEGAMENTO VERSO\/DA SITI TERZI<\/b><\/span><\/strong><\/h4>\n<p><span style=\"font-family: Soehne;\">Dal Portale \u00e8 possibile collegarsi, mediante appositi <\/span><em><span style=\"font-family: Soehne;\">link<\/span><\/em><span style=\"font-family: Soehne;\">, verso altri siti <\/span><em><span style=\"font-family: Soehne;\">web <\/span><\/em><span style=\"font-family: Soehne;\">ovvero \u00e8 possibile da siti <\/span><em><span style=\"font-family: Soehne;\">web <\/span><\/em><span style=\"font-family: Soehne;\">di terzi connettersi al Portale. Il Titolare declina qualsiasi responsabilit\u00e0 in merito all\u2019eventuale richiesta e\/o rilascio di dati personali a siti terzi e in ordine alla gestione delle credenziali di autenticazione fornite da soggetti terzi.<\/span><\/p>\n<h4><strong><span style=\"font-family: Soehne;\"><b>PER QUANTO TEMPO VENGONO CONSERVATI I TUOI DATI?<\/b><\/span><\/strong><\/h4>\n<p><span style=\"font-family: Soehne;\">I Tuoi dati personali verranno conservati per il periodo necessario al perseguimento delle finalit\u00e0 illustrate nella presente Informativa. La informiamo che i dati relativi ai <\/span><em><span style=\"font-family: Soehne;\">log <\/span><\/em><span style=\"font-family: Soehne;\">di navigazione, qualora registrati, saranno conservati dal Titolare per un periodo pari a 3 mesi.<\/span><\/p>\n<p><span style=\"font-family: Soehne;\">In particolare, i Tuoi dati saranno trattati per un periodo di tempo pari al minimo necessario previsto per l\u2019adempimento di obblighi di legge, sempre che non risulti necessario conservarli ulteriormente per difendere o far valere un diritto o per adempiere a eventuali ulteriori obblighi di legge o ordini delle Autorit\u00e0.<\/span><\/p>\n<h4><strong><span style=\"font-family: Soehne;\"><b>DOVE SARANNO TRATTATI I TUOI DATI PERSONALI?<\/b><\/span><\/strong><\/h4>\n<p><span style=\"font-family: Soehne;\">I Tuoi dati personali saranno trattati dalla Societ\u00e0 all\u2019interno del territorio dell\u2019Unione Europea. Qualora si rendesse necessario avvalersi di soggetti ubicati al di fuori dell\u2019Unione Europea, Ti informiamo sin d\u2019ora che tali soggetti saranno nominati ed il trasferimento dei Tuoi dati personali a tali soggetti, limitatamente allo svolgimento di specifiche attivit\u00e0 di trattamento, sar\u00e0 regolato in conformit\u00e0 a quanto previsto dal titolo V del GDPR. In tale circostanza, la Societ\u00e0 assicura l\u2019adozione di adeguate garanzie (come la sottoscrizione di clausole contrattuali <\/span><em><span style=\"font-family: Soehne;\">standard <\/span><\/em><span style=\"font-family: Soehne;\">approvate dalla Commissione UE) con la societ\u00e0 estera ricevente i dati; tali clausole garantiscono un livello di protezione dei dati corrispondente a quello sancito dalla normativa europea.<\/span><\/p>\n<h4><strong><span style=\"font-family: Soehne;\"><b>QUALI SONO I TUOI DIRITTI?<\/b><\/span><\/strong><\/h4>\n<p><span style=\"font-family: Soehne;\">Le ricordiamo che pu\u00f2 esercitare i Tuoi diritti previsti dal GDPR ed in particolare ottenere:\u00a0<\/span><\/p>\n<ul>\n<li><span style=\"color: #808080;\"><span style=\"font-family: Soehne;\"><span style=\"font-size: medium;\">la conferma che sia o meno in corso un trattamento di dati personali che Ti riguardano e di ottenere l\u2019accesso ai dati e alle seguenti informazioni: finalit\u00e0 di trattamento, categorie di dati personali, destinatari e\/o categorie di destinatari, periodo di conservazione);<\/span><\/span><\/span><\/li>\n<li><span style=\"color: #808080;\"><span style=\"font-family: Soehne;\"><span style=\"font-size: medium;\">la rettifica dei dati personali inesatti che Ti riguardano e\/o l\u2019integrazione dei dati personali incompleti, anche fornendo una dichiarazione integrativa;<\/span><\/span><\/span><\/li>\n<li><span style=\"color: #808080;\"><span style=\"font-family: Soehne;\"><span style=\"font-size: medium;\">la cancellazione dei dati personali, nei casi previsti dal GDPR;<\/span><\/span><\/span><\/li>\n<li><span style=\"color: #808080;\"><span style=\"font-family: Soehne;\"><span style=\"font-size: medium;\">la limitazione al trattamento nelle ipotesi previste dalla Normativa Privacy vigente;<\/span><\/span><\/span><\/li>\n<li><span style=\"color: #808080;\"><span style=\"font-family: Soehne;\"><span style=\"font-size: medium;\">la portabilit\u00e0 dei dati che Ti riguardano ed in particolare di richiedere i dati personali forniti alla Societ\u00e0 e\/o richiedere la trasmissione diretta dei Tuoi dati a un altro Titolare del trattamento;<\/span><\/span><\/span><\/li>\n<li><span style=\"color: #808080;\"><span style=\"font-family: Soehne;\"><span style=\"font-size: medium;\">l\u2019opposizione al trattamento in qualsiasi momento, per motivi connessi alla Sua situazione particolare, al trattamento dei dati personali nel pieno rispetto della Normativa Privacy vigente.<\/span><\/span><\/span><\/li>\n<\/ul>\n<p><span style=\"font-family: Soehne;\">Per esercitare tutti i Tuoi diritti come sopra identificati, baster\u00e0 contattare il Titolare del Trattamento scrivendo alla seguente casella di posta elettronica <a href=\"mailto:comolakepanorama@gmail.com\">comolakepanorama@gmail.com<\/a> <\/span><\/p>\n<h4><strong><span style=\"font-family: Soehne;\"><b>DIRITTO DI RECLAMO<\/b><\/span><\/strong><\/h4>\n<p><span style=\"font-family: Soehne;\">Gli Interessati che ritengono che il trattamento dei dati personali a loro riferiti avvenga in violazione di quanto previsto dal Regolamento hanno il diritto di proporre reclamo al Garante\u00a0per la Protezione dei dati personali come previsto dall\u2019art. 77 del Regolamento stesso, o di adire le opportune sedi giudiziarie (art. 79 del Regolamento).<\/span><\/p>\n<h4><strong><span style=\"font-family: Soehne;\"><b>MODIFICHE ALLA PRESENTE INFORMATIVA<\/b><\/span><\/strong><\/h4>\n<p><span style=\"font-family: Soehne;\">La presente informativa pu\u00f2 subire modifiche nel tempo \u2013 anche connesse all\u2019eventuale entrata in vigore di nuove normative di settore, all\u2019aggiornamento e\/o erogazione di nuovi servizi ovvero ad intervenute innovazioni tecnologiche \u2013 per cui Ti invitiamo l\u2019utente a consultare periodicamente questa pagina.<\/span><\/p>\n<p>&nbsp;<\/p>\n","protected":false},"excerpt":{"rendered":"<p>INFORMATIVA PRIVACY EX ARTICOLO 13 DEL REGOLAMENTO UE 2016\/679 Con la seguente informativa privacy Como Lake Panorama apartments di Sabrina Dell\u2019Oro con sede legale in Erba (CO), Via Giosu\u00e8 Carducci, Codice fiscale e Partita IVA IT (\u201cSociet\u00e0\u201d)04044600130 Ti informa che considera di fondamentale importanza che il trattamento dei dati personali, effettuato con qualsiasi modalit\u00e0, sia [&hellip;]<\/p>\n","protected":false},"author":3,"featured_media":0,"parent":0,"menu_order":0,"comment_status":"closed","ping_status":"closed","template":"","meta":{"_seopress_robots_primary_cat":"","_seopress_titles_title":"","_seopress_titles_desc":"","_seopress_robots_index":"","footnotes":""},"class_list":["post-6127","page","type-page","status-publish","hentry"],"jetpack_sharing_enabled":true,"_links":{"self":[{"href":"https:\/\/www.comolakepanorama.it\/it\/wp-json\/wp\/v2\/pages\/6127","targetHints":{"allow":["GET"]}}],"collection":[{"href":"https:\/\/www.comolakepanorama.it\/it\/wp-json\/wp\/v2\/pages"}],"about":[{"href":"https:\/\/www.comolakepanorama.it\/it\/wp-json\/wp\/v2\/types\/page"}],"author":[{"embeddable":true,"href":"https:\/\/www.comolakepanorama.it\/it\/wp-json\/wp\/v2\/users\/3"}],"replies":[{"embeddable":true,"href":"https:\/\/www.comolakepanorama.it\/it\/wp-json\/wp\/v2\/comments?post=6127"}],"version-history":[{"count":2,"href":"https:\/\/www.comolakepanorama.it\/it\/wp-json\/wp\/v2\/pages\/6127\/revisions"}],"predecessor-version":[{"id":6901,"href":"https:\/\/www.comolakepanorama.it\/it\/wp-json\/wp\/v2\/pages\/6127\/revisions\/6901"}],"wp:attachment":[{"href":"https:\/\/www.comolakepanorama.it\/it\/wp-json\/wp\/v2\/media?parent=6127"}],"curies":[{"name":"wp","href":"https:\/\/api.w.org\/{rel}","templated":true}]}}